{"id":2,"date":"2022-04-21T21:48:24","date_gmt":"2022-04-21T21:48:24","guid":{"rendered":"https:\/\/miloocoverso.com\/?page_id=2"},"modified":"2023-04-30T05:27:19","modified_gmt":"2023-04-30T05:27:19","slug":"sample-page","status":"publish","type":"page","link":"https:\/\/miloocoverso.com\/?page_id=2","title":{"rendered":"Historia"},"content":{"rendered":"\n<p>Milo dibuj\u00f3 y dibuj\u00f3 por a\u00f1os creando poco a poco el universo Milooc y todos sus personajes.   Gio inici\u00f3 la tarea de crear un ciberespacio para dar a conocer este trabajo.<\/p>\n\n\n\n<blockquote class=\"wp-block-quote\">\n<p>En el mes de abril de 2023 se publica la primera versi\u00f3n de Miloocoverso.com un d\u00eda antes de una convenci\u00f3n de personajes animados en Guatemala.<\/p>\n<\/blockquote>\n\n\n\n<p>&#8230;<\/p>\n\n\n\n<blockquote class=\"wp-block-quote\">\n<p>En los meses sucesivos se desarrollaron los contenidos para las primeras p\u00e1ginas del universo.<\/p>\n<\/blockquote>\n\n\n\n<p>Bienvenido a nuestro universo <a href=\"https:\/\/miloocoverso.com\/wp-admin\/\">Miloocoverso<\/a> s\u00e9 feliz!<\/p>\n","protected":false},"excerpt":{"rendered":"<p>Milo dibuj\u00f3 y dibuj\u00f3 por a\u00f1os creando poco a poco el universo Milooc y todos sus personajes. Gio inici\u00f3 la tarea de crear un ciberespacio para dar a conocer este trabajo. En el mes de abril de 2023 se publica la primera versi\u00f3n de Miloocoverso.com un d\u00eda antes de una convenci\u00f3n de personajes animados en [&hellip;]<\/p>\n","protected":false},"author":1,"featured_media":0,"parent":0,"menu_order":0,"comment_status":"closed","ping_status":"open","template":"","meta":[],"_links":{"self":[{"href":"https:\/\/miloocoverso.com\/index.php?rest_route=\/wp\/v2\/pages\/2"}],"collection":[{"href":"https:\/\/miloocoverso.com\/index.php?rest_route=\/wp\/v2\/pages"}],"about":[{"href":"https:\/\/miloocoverso.com\/index.php?rest_route=\/wp\/v2\/types\/page"}],"author":[{"embeddable":true,"href":"https:\/\/miloocoverso.com\/index.php?rest_route=\/wp\/v2\/users\/1"}],"replies":[{"embeddable":true,"href":"https:\/\/miloocoverso.com\/index.php?rest_route=%2Fwp%2Fv2%2Fcomments&post=2"}],"version-history":[{"count":3,"href":"https:\/\/miloocoverso.com\/index.php?rest_route=\/wp\/v2\/pages\/2\/revisions"}],"predecessor-version":[{"id":24,"href":"https:\/\/miloocoverso.com\/index.php?rest_route=\/wp\/v2\/pages\/2\/revisions\/24"}],"wp:attachment":[{"href":"https:\/\/miloocoverso.com\/index.php?rest_route=%2Fwp%2Fv2%2Fmedia&parent=2"}],"curies":[{"name":"wp","href":"https:\/\/api.w.org\/{rel}","templated":true}]}}